{"id":10,"date":"2019-07-22T10:21:43","date_gmt":"2019-07-22T10:21:43","guid":{"rendered":"https:\/\/demosites.io\/music-band\/?page_id=10"},"modified":"2020-09-23T00:02:03","modified_gmt":"2020-09-22T22:02:03","slug":"4bb67-music-band-our-story","status":"publish","type":"page","link":"https:\/\/bullshitgourous.com\/index.php\/4bb67-music-band-our-story\/","title":{"rendered":"A propos du groupe"},"content":{"rendered":"\t\t<div data-elementor-type=\"wp-post\" data-elementor-id=\"10\" class=\"elementor elementor-10\">\n\t\t\t\t\t\t<section class=\"elementor-section elementor-top-section elementor-element elementor-element-3261f9b elementor-section-boxed elementor-section-height-default elementor-section-height-default\" data-id=\"3261f9b\" data-element_type=\"section\" data-e-type=\"section\" data-settings=\"{&quot;background_background&quot;:&quot;classic&quot;}\">\n\t\t\t\t\t\t<div class=\"elementor-container elementor-column-gap-default\">\n\t\t\t\t\t<div class=\"elementor-column elementor-col-100 elementor-top-column elementor-element elementor-element-d504e99\" data-id=\"d504e99\" data-element_type=\"column\" data-e-type=\"column\">\n\t\t\t<div class=\"elementor-widget-wrap elementor-element-populated\">\n\t\t\t\t\t\t<section class=\"elementor-section elementor-inner-section elementor-element elementor-element-c2b5962 elementor-section-boxed elementor-section-height-default elementor-section-height-default\" data-id=\"c2b5962\" data-element_type=\"section\" data-e-type=\"section\">\n\t\t\t\t\t\t<div class=\"elementor-container elementor-column-gap-default\">\n\t\t\t\t\t<div class=\"elementor-column elementor-col-100 elementor-inner-column elementor-element elementor-element-434b856\" data-id=\"434b856\" data-element_type=\"column\" data-e-type=\"column\">\n\t\t\t<div class=\"elementor-widget-wrap elementor-element-populated\">\n\t\t\t\t\t\t<div class=\"elementor-element elementor-element-5094a76 elementor-widget elementor-widget-heading\" data-id=\"5094a76\" data-element_type=\"widget\" data-e-type=\"widget\" data-widget_type=\"heading.default\">\n\t\t\t\t<div class=\"elementor-widget-container\">\n\t\t\t\t\t<h1 class=\"elementor-heading-title elementor-size-default\">A propos du groupe<\/h1>\t\t\t\t<\/div>\n\t\t\t\t<\/div>\n\t\t\t\t\t<\/div>\n\t\t<\/div>\n\t\t\t\t\t<\/div>\n\t\t<\/section>\n\t\t\t\t\t<\/div>\n\t\t<\/div>\n\t\t\t\t\t<\/div>\n\t\t<\/section>\n\t\t\t\t<section class=\"elementor-section elementor-top-section elementor-element elementor-element-74af4c3 elementor-section-boxed elementor-section-height-default elementor-section-height-default\" data-id=\"74af4c3\" data-element_type=\"section\" data-e-type=\"section\" data-settings=\"{&quot;background_background&quot;:&quot;classic&quot;}\">\n\t\t\t\t\t\t<div class=\"elementor-container elementor-column-gap-default\">\n\t\t\t\t\t<div class=\"elementor-column elementor-col-100 elementor-top-column elementor-element elementor-element-19906ea\" data-id=\"19906ea\" data-element_type=\"column\" data-e-type=\"column\">\n\t\t\t<div class=\"elementor-widget-wrap elementor-element-populated\">\n\t\t\t\t\t\t<section class=\"elementor-section elementor-inner-section elementor-element elementor-element-6a44726 elementor-section-boxed elementor-section-height-default elementor-section-height-default\" data-id=\"6a44726\" data-element_type=\"section\" data-e-type=\"section\">\n\t\t\t\t\t\t<div class=\"elementor-container elementor-column-gap-default\">\n\t\t\t\t\t<div class=\"elementor-column elementor-col-100 elementor-inner-column elementor-element elementor-element-5b67fdf\" data-id=\"5b67fdf\" data-element_type=\"column\" data-e-type=\"column\">\n\t\t\t<div class=\"elementor-widget-wrap elementor-element-populated\">\n\t\t\t\t\t\t<div class=\"elementor-element elementor-element-a801acf elementor-widget elementor-widget-text-editor\" data-id=\"a801acf\" data-element_type=\"widget\" data-e-type=\"widget\" data-widget_type=\"text-editor.default\">\n\t\t\t\t<div class=\"elementor-widget-container\">\n\t\t\t\t\t\t\t\t\t<p>Les Bullshit Gourous font du bruit dans les Yvelines depuis 2006. Leur musique originale est centr\u00e9e sur le rock et hard-rock des ann\u00e9es 1990-2000 tel que Guns\u2019n\u2019Roses, Foo Fighters ou Pearl Jam et s&rsquo;ouvre sur d&rsquo;autres horizons au gr\u00e9 de reprises : de Michael Jackson \u00e0 Mot\u00f6rhead, en passant par AC\/DC, Pink, Portishead ou les Beatles.<\/p>\t\t\t\t\t\t\t\t<\/div>\n\t\t\t\t<\/div>\n\t\t\t\t\t<\/div>\n\t\t<\/div>\n\t\t\t\t\t<\/div>\n\t\t<\/section>\n\t\t\t\t<section class=\"elementor-section elementor-inner-section elementor-element elementor-element-b4486e4 elementor-section-boxed elementor-section-height-default elementor-section-height-default\" data-id=\"b4486e4\" data-element_type=\"section\" data-e-type=\"section\">\n\t\t\t\t\t\t<div class=\"elementor-container elementor-column-gap-default\">\n\t\t\t\t\t<div class=\"elementor-column elementor-col-50 elementor-inner-column elementor-element elementor-element-9ade493\" data-id=\"9ade493\" data-element_type=\"column\" data-e-type=\"column\">\n\t\t\t<div class=\"elementor-widget-wrap elementor-element-populated\">\n\t\t\t\t\t\t<div class=\"elementor-element elementor-element-f50cf5b elementor-widget elementor-widget-image\" data-id=\"f50cf5b\" data-element_type=\"widget\" data-e-type=\"widget\" data-widget_type=\"image.default\">\n\t\t\t\t<div class=\"elementor-widget-container\">\n\t\t\t\t\t\t\t\t\t\t\t\t\t\t\t<img fetchpriority=\"high\" decoding=\"async\" width=\"1024\" height=\"683\" src=\"https:\/\/bullshitgourous.com\/wp-content\/uploads\/2020\/09\/thumbnail-1-1024x683.jpg\" class=\"attachment-large size-large wp-image-147\" alt=\"\" srcset=\"https:\/\/bullshitgourous.com\/wp-content\/uploads\/2020\/09\/thumbnail-1-1024x683.jpg 1024w, https:\/\/bullshitgourous.com\/wp-content\/uploads\/2020\/09\/thumbnail-1-300x200.jpg 300w, https:\/\/bullshitgourous.com\/wp-content\/uploads\/2020\/09\/thumbnail-1-768x512.jpg 768w, https:\/\/bullshitgourous.com\/wp-content\/uploads\/2020\/09\/thumbnail-1-930x620.jpg 930w, https:\/\/bullshitgourous.com\/wp-content\/uploads\/2020\/09\/thumbnail-1.jpg 1080w\" sizes=\"(max-width: 1024px) 100vw, 1024px\" \/>\t\t\t\t\t\t\t\t\t\t\t\t\t\t\t<\/div>\n\t\t\t\t<\/div>\n\t\t\t\t\t<\/div>\n\t\t<\/div>\n\t\t\t\t<div class=\"elementor-column elementor-col-50 elementor-inner-column elementor-element elementor-element-b54d61b\" data-id=\"b54d61b\" data-element_type=\"column\" data-e-type=\"column\" data-settings=\"{&quot;background_background&quot;:&quot;classic&quot;}\">\n\t\t\t<div class=\"elementor-widget-wrap elementor-element-populated\">\n\t\t\t\t\t\t<div class=\"elementor-element elementor-element-20c5e73 elementor-widget elementor-widget-text-editor\" data-id=\"20c5e73\" data-element_type=\"widget\" data-e-type=\"widget\" data-widget_type=\"text-editor.default\">\n\t\t\t\t<div class=\"elementor-widget-container\">\n\t\t\t\t\t\t\t\t\t<p>Le groupe envo\u00fbte ses disciples gr\u00e2ce \u00e0 la charismatique chanteuse, dont la puissante voix en anglais ne laisse personne indemne! Pour l&rsquo;accompagner, le reste du groupe compos\u00e9 de 2 guitaristes, un bassiste et un batteur assurent une rythmique solide et des solos flamboyants.<\/p>\t\t\t\t\t\t\t\t<\/div>\n\t\t\t\t<\/div>\n\t\t\t\t\t<\/div>\n\t\t<\/div>\n\t\t\t\t\t<\/div>\n\t\t<\/section>\n\t\t\t\t<section class=\"elementor-section elementor-inner-section elementor-element elementor-element-1768594 elementor-section-boxed elementor-section-height-default elementor-section-height-default\" data-id=\"1768594\" data-element_type=\"section\" data-e-type=\"section\">\n\t\t\t\t\t\t<div class=\"elementor-container elementor-column-gap-default\">\n\t\t\t\t\t<div class=\"elementor-column elementor-col-25 elementor-inner-column elementor-element elementor-element-78a6b4d\" data-id=\"78a6b4d\" data-element_type=\"column\" data-e-type=\"column\">\n\t\t\t<div class=\"elementor-widget-wrap elementor-element-populated\">\n\t\t\t\t\t\t<div class=\"elementor-element elementor-element-67f2ca1 elementor-widget elementor-widget-image\" data-id=\"67f2ca1\" data-element_type=\"widget\" data-e-type=\"widget\" data-widget_type=\"image.default\">\n\t\t\t\t<div class=\"elementor-widget-container\">\n\t\t\t\t\t\t\t\t\t\t\t\t\t\t\t<img decoding=\"async\" width=\"1024\" height=\"1024\" src=\"https:\/\/bullshitgourous.com\/wp-content\/uploads\/2020\/09\/Babeth-sq-1024x1024.jpg\" class=\"attachment-large size-large wp-image-156\" alt=\"\" srcset=\"https:\/\/bullshitgourous.com\/wp-content\/uploads\/2020\/09\/Babeth-sq-1024x1024.jpg 1024w, https:\/\/bullshitgourous.com\/wp-content\/uploads\/2020\/09\/Babeth-sq-300x300.jpg 300w, https:\/\/bullshitgourous.com\/wp-content\/uploads\/2020\/09\/Babeth-sq-150x150.jpg 150w, https:\/\/bullshitgourous.com\/wp-content\/uploads\/2020\/09\/Babeth-sq-768x768.jpg 768w, https:\/\/bullshitgourous.com\/wp-content\/uploads\/2020\/09\/Babeth-sq-1536x1536.jpg 1536w, https:\/\/bullshitgourous.com\/wp-content\/uploads\/2020\/09\/Babeth-sq-2048x2048.jpg 2048w\" sizes=\"(max-width: 1024px) 100vw, 1024px\" \/>\t\t\t\t\t\t\t\t\t\t\t\t\t\t\t<\/div>\n\t\t\t\t<\/div>\n\t\t\t\t\t<\/div>\n\t\t<\/div>\n\t\t\t\t<div class=\"elementor-column elementor-col-25 elementor-inner-column elementor-element elementor-element-458ef0b\" data-id=\"458ef0b\" data-element_type=\"column\" data-e-type=\"column\">\n\t\t\t<div class=\"elementor-widget-wrap elementor-element-populated\">\n\t\t\t\t\t\t<div class=\"elementor-element elementor-element-6260468 elementor-widget elementor-widget-image\" data-id=\"6260468\" data-element_type=\"widget\" data-e-type=\"widget\" data-widget_type=\"image.default\">\n\t\t\t\t<div class=\"elementor-widget-container\">\n\t\t\t\t\t\t\t\t\t\t\t\t\t\t\t<img decoding=\"async\" width=\"1024\" height=\"1024\" src=\"https:\/\/bullshitgourous.com\/wp-content\/uploads\/2020\/09\/Olivier-sq-1024x1024.jpg\" class=\"attachment-large size-large wp-image-158\" alt=\"\" srcset=\"https:\/\/bullshitgourous.com\/wp-content\/uploads\/2020\/09\/Olivier-sq-1024x1024.jpg 1024w, https:\/\/bullshitgourous.com\/wp-content\/uploads\/2020\/09\/Olivier-sq-300x300.jpg 300w, https:\/\/bullshitgourous.com\/wp-content\/uploads\/2020\/09\/Olivier-sq-150x150.jpg 150w, https:\/\/bullshitgourous.com\/wp-content\/uploads\/2020\/09\/Olivier-sq-768x768.jpg 768w, https:\/\/bullshitgourous.com\/wp-content\/uploads\/2020\/09\/Olivier-sq-1536x1536.jpg 1536w, https:\/\/bullshitgourous.com\/wp-content\/uploads\/2020\/09\/Olivier-sq-2048x2048.jpg 2048w\" sizes=\"(max-width: 1024px) 100vw, 1024px\" \/>\t\t\t\t\t\t\t\t\t\t\t\t\t\t\t<\/div>\n\t\t\t\t<\/div>\n\t\t\t\t\t<\/div>\n\t\t<\/div>\n\t\t\t\t<div class=\"elementor-column elementor-col-25 elementor-inner-column elementor-element elementor-element-889b775\" data-id=\"889b775\" data-element_type=\"column\" data-e-type=\"column\">\n\t\t\t<div class=\"elementor-widget-wrap elementor-element-populated\">\n\t\t\t\t\t\t<div class=\"elementor-element elementor-element-3255f5b elementor-widget elementor-widget-image\" data-id=\"3255f5b\" data-element_type=\"widget\" data-e-type=\"widget\" data-widget_type=\"image.default\">\n\t\t\t\t<div class=\"elementor-widget-container\">\n\t\t\t\t\t\t\t\t\t\t\t\t\t\t\t<img loading=\"lazy\" decoding=\"async\" width=\"1024\" height=\"1024\" src=\"https:\/\/bullshitgourous.com\/wp-content\/uploads\/2020\/09\/Guillaume-sq-1024x1024.jpg\" class=\"attachment-large size-large wp-image-155\" alt=\"\" srcset=\"https:\/\/bullshitgourous.com\/wp-content\/uploads\/2020\/09\/Guillaume-sq-1024x1024.jpg 1024w, https:\/\/bullshitgourous.com\/wp-content\/uploads\/2020\/09\/Guillaume-sq-300x300.jpg 300w, https:\/\/bullshitgourous.com\/wp-content\/uploads\/2020\/09\/Guillaume-sq-150x150.jpg 150w, https:\/\/bullshitgourous.com\/wp-content\/uploads\/2020\/09\/Guillaume-sq-768x768.jpg 768w, https:\/\/bullshitgourous.com\/wp-content\/uploads\/2020\/09\/Guillaume-sq-1536x1536.jpg 1536w, https:\/\/bullshitgourous.com\/wp-content\/uploads\/2020\/09\/Guillaume-sq-2048x2048.jpg 2048w\" sizes=\"(max-width: 1024px) 100vw, 1024px\" \/>\t\t\t\t\t\t\t\t\t\t\t\t\t\t\t<\/div>\n\t\t\t\t<\/div>\n\t\t\t\t\t<\/div>\n\t\t<\/div>\n\t\t\t\t<div class=\"elementor-column elementor-col-25 elementor-inner-column elementor-element elementor-element-7021239\" data-id=\"7021239\" data-element_type=\"column\" data-e-type=\"column\">\n\t\t\t<div class=\"elementor-widget-wrap elementor-element-populated\">\n\t\t\t\t\t\t<div class=\"elementor-element elementor-element-34b75ee elementor-widget elementor-widget-image\" data-id=\"34b75ee\" data-element_type=\"widget\" data-e-type=\"widget\" data-widget_type=\"image.default\">\n\t\t\t\t<div class=\"elementor-widget-container\">\n\t\t\t\t\t\t\t\t\t\t\t\t\t\t\t<img loading=\"lazy\" decoding=\"async\" width=\"1024\" height=\"1024\" src=\"https:\/\/bullshitgourous.com\/wp-content\/uploads\/2020\/09\/Jimmy-sq-1024x1024.jpg\" class=\"attachment-large size-large wp-image-157\" alt=\"\" srcset=\"https:\/\/bullshitgourous.com\/wp-content\/uploads\/2020\/09\/Jimmy-sq-1024x1024.jpg 1024w, https:\/\/bullshitgourous.com\/wp-content\/uploads\/2020\/09\/Jimmy-sq-300x300.jpg 300w, https:\/\/bullshitgourous.com\/wp-content\/uploads\/2020\/09\/Jimmy-sq-150x150.jpg 150w, https:\/\/bullshitgourous.com\/wp-content\/uploads\/2020\/09\/Jimmy-sq-768x768.jpg 768w, https:\/\/bullshitgourous.com\/wp-content\/uploads\/2020\/09\/Jimmy-sq-1536x1536.jpg 1536w, https:\/\/bullshitgourous.com\/wp-content\/uploads\/2020\/09\/Jimmy-sq-2048x2048.jpg 2048w\" sizes=\"(max-width: 1024px) 100vw, 1024px\" \/>\t\t\t\t\t\t\t\t\t\t\t\t\t\t\t<\/div>\n\t\t\t\t<\/div>\n\t\t\t\t\t<\/div>\n\t\t<\/div>\n\t\t\t\t\t<\/div>\n\t\t<\/section>\n\t\t\t\t<section class=\"elementor-section elementor-inner-section elementor-element elementor-element-efd2cf5 elementor-section-content-middle elementor-section-boxed elementor-section-height-default elementor-section-height-default\" data-id=\"efd2cf5\" data-element_type=\"section\" data-e-type=\"section\">\n\t\t\t\t\t\t<div class=\"elementor-container elementor-column-gap-default\">\n\t\t\t\t\t<div class=\"elementor-column elementor-col-50 elementor-inner-column elementor-element elementor-element-6ebccf9\" data-id=\"6ebccf9\" data-element_type=\"column\" data-e-type=\"column\" data-settings=\"{&quot;background_background&quot;:&quot;classic&quot;}\">\n\t\t\t<div class=\"elementor-widget-wrap elementor-element-populated\">\n\t\t\t\t\t\t<div class=\"elementor-element elementor-element-e1c5eea elementor-widget elementor-widget-text-editor\" data-id=\"e1c5eea\" data-element_type=\"widget\" data-e-type=\"widget\" data-widget_type=\"text-editor.default\">\n\t\t\t\t<div class=\"elementor-widget-container\">\n\t\t\t\t\t\t\t\t\t<p>Forts d\u2019une longue exp\u00e9rience dans l\u2019industrie, leur humour corrosif est ind\u00e9crottablement entach\u00e9 de jargon professionnel et de business-speak, de culte fictif et de d\u00e9veloppement personnel loufoque. Le show m\u00e9lange professionnalisme musical et humour d\u00e9cal\u00e9, ce qui s\u00e9duit un large public.<\/p><p>Habitu\u00e9s de la sc\u00e8ne, avec une cinquantaine de concerts \u00e0 leur actif, ils sauront s\u2019adapter \u00e0 des environnements vari\u00e9s.<\/p>\t\t\t\t\t\t\t\t<\/div>\n\t\t\t\t<\/div>\n\t\t\t\t\t<\/div>\n\t\t<\/div>\n\t\t\t\t<div class=\"elementor-column elementor-col-50 elementor-inner-column elementor-element elementor-element-9052810\" data-id=\"9052810\" data-element_type=\"column\" data-e-type=\"column\" data-settings=\"{&quot;background_background&quot;:&quot;classic&quot;}\">\n\t\t\t<div class=\"elementor-widget-wrap elementor-element-populated\">\n\t\t\t\t\t\t<div class=\"elementor-element elementor-element-88a3a23 elementor-widget elementor-widget-image\" data-id=\"88a3a23\" data-element_type=\"widget\" data-e-type=\"widget\" data-widget_type=\"image.default\">\n\t\t\t\t<div class=\"elementor-widget-container\">\n\t\t\t\t\t\t\t\t\t\t\t\t\t\t\t<img decoding=\"async\" src=\"https:\/\/bullshitgourous.com\/wp-content\/uploads\/elementor\/thumbs\/thumbnail-1-1-ovuk7s7t2g2w9nod8fud3zwgyozflmqguu4e40w5uo.jpg\" title=\"thumbnail (1)\" alt=\"thumbnail (1)\" loading=\"lazy\" \/>\t\t\t\t\t\t\t\t\t\t\t\t\t\t\t<\/div>\n\t\t\t\t<\/div>\n\t\t\t\t\t<\/div>\n\t\t<\/div>\n\t\t\t\t\t<\/div>\n\t\t<\/section>\n\t\t\t\t\t<\/div>\n\t\t<\/div>\n\t\t\t\t\t<\/div>\n\t\t<\/section>\n\t\t\t\t<section class=\"elementor-section elementor-top-section elementor-element elementor-element-4199abf elementor-section-boxed elementor-section-height-default elementor-section-height-default\" data-id=\"4199abf\" data-element_type=\"section\" data-e-type=\"section\" data-settings=\"{&quot;background_background&quot;:&quot;classic&quot;}\">\n\t\t\t\t\t\t<div class=\"elementor-container elementor-column-gap-default\">\n\t\t\t\t\t<div class=\"elementor-column elementor-col-100 elementor-top-column elementor-element elementor-element-a2f0e63\" data-id=\"a2f0e63\" data-element_type=\"column\" data-e-type=\"column\">\n\t\t\t<div class=\"elementor-widget-wrap elementor-element-populated\">\n\t\t\t\t\t\t<section class=\"elementor-section elementor-inner-section elementor-element elementor-element-39ece97 elementor-section-boxed elementor-section-height-default elementor-section-height-default\" data-id=\"39ece97\" data-element_type=\"section\" data-e-type=\"section\">\n\t\t\t\t\t\t<div class=\"elementor-container elementor-column-gap-default\">\n\t\t\t\t\t<div class=\"elementor-column elementor-col-25 elementor-inner-column elementor-element elementor-element-48997d3\" data-id=\"48997d3\" data-element_type=\"column\" data-e-type=\"column\" data-settings=\"{&quot;background_background&quot;:&quot;classic&quot;}\">\n\t\t\t<div class=\"elementor-widget-wrap elementor-element-populated\">\n\t\t\t\t\t\t<div class=\"elementor-element elementor-element-ff78d45 elementor-widget elementor-widget-heading\" data-id=\"ff78d45\" data-element_type=\"widget\" data-e-type=\"widget\" data-widget_type=\"heading.default\">\n\t\t\t\t<div class=\"elementor-widget-container\">\n\t\t\t\t\t<div class=\"elementor-heading-title elementor-size-default\">14<\/div>\t\t\t\t<\/div>\n\t\t\t\t<\/div>\n\t\t\t\t<div class=\"elementor-element elementor-element-908c385 elementor-widget elementor-widget-heading\" data-id=\"908c385\" data-element_type=\"widget\" data-e-type=\"widget\" data-widget_type=\"heading.default\">\n\t\t\t\t<div class=\"elementor-widget-container\">\n\t\t\t\t\t<span class=\"elementor-heading-title elementor-size-default\">ans<\/span>\t\t\t\t<\/div>\n\t\t\t\t<\/div>\n\t\t\t\t\t<\/div>\n\t\t<\/div>\n\t\t\t\t<div class=\"elementor-column elementor-col-25 elementor-inner-column elementor-element elementor-element-b55f47c\" data-id=\"b55f47c\" data-element_type=\"column\" data-e-type=\"column\" data-settings=\"{&quot;background_background&quot;:&quot;classic&quot;}\">\n\t\t\t<div class=\"elementor-widget-wrap elementor-element-populated\">\n\t\t\t\t\t\t<div class=\"elementor-element elementor-element-7495cd7 elementor-widget elementor-widget-heading\" data-id=\"7495cd7\" data-element_type=\"widget\" data-e-type=\"widget\" data-widget_type=\"heading.default\">\n\t\t\t\t<div class=\"elementor-widget-container\">\n\t\t\t\t\t<div class=\"elementor-heading-title elementor-size-default\">4<\/div>\t\t\t\t<\/div>\n\t\t\t\t<\/div>\n\t\t\t\t<div class=\"elementor-element elementor-element-6b34115 elementor-widget elementor-widget-heading\" data-id=\"6b34115\" data-element_type=\"widget\" data-e-type=\"widget\" data-widget_type=\"heading.default\">\n\t\t\t\t<div class=\"elementor-widget-container\">\n\t\t\t\t\t<span class=\"elementor-heading-title elementor-size-default\">EP\/albums<\/span>\t\t\t\t<\/div>\n\t\t\t\t<\/div>\n\t\t\t\t\t<\/div>\n\t\t<\/div>\n\t\t\t\t<div class=\"elementor-column elementor-col-25 elementor-inner-column elementor-element elementor-element-08333ea\" data-id=\"08333ea\" data-element_type=\"column\" data-e-type=\"column\" data-settings=\"{&quot;background_background&quot;:&quot;classic&quot;}\">\n\t\t\t<div class=\"elementor-widget-wrap elementor-element-populated\">\n\t\t\t\t\t\t<div class=\"elementor-element elementor-element-4eb8a4e elementor-widget elementor-widget-heading\" data-id=\"4eb8a4e\" data-element_type=\"widget\" data-e-type=\"widget\" data-widget_type=\"heading.default\">\n\t\t\t\t<div class=\"elementor-widget-container\">\n\t\t\t\t\t<div class=\"elementor-heading-title elementor-size-default\">50<\/div>\t\t\t\t<\/div>\n\t\t\t\t<\/div>\n\t\t\t\t<div class=\"elementor-element elementor-element-34292ee elementor-widget elementor-widget-heading\" data-id=\"34292ee\" data-element_type=\"widget\" data-e-type=\"widget\" data-widget_type=\"heading.default\">\n\t\t\t\t<div class=\"elementor-widget-container\">\n\t\t\t\t\t<span class=\"elementor-heading-title elementor-size-default\">concerts<\/span>\t\t\t\t<\/div>\n\t\t\t\t<\/div>\n\t\t\t\t\t<\/div>\n\t\t<\/div>\n\t\t\t\t<div class=\"elementor-column elementor-col-25 elementor-inner-column elementor-element elementor-element-2eb2959\" data-id=\"2eb2959\" data-element_type=\"column\" data-e-type=\"column\" data-settings=\"{&quot;background_background&quot;:&quot;classic&quot;}\">\n\t\t\t<div class=\"elementor-widget-wrap elementor-element-populated\">\n\t\t\t\t\t\t<div class=\"elementor-element elementor-element-86f9efb elementor-widget elementor-widget-heading\" data-id=\"86f9efb\" data-element_type=\"widget\" data-e-type=\"widget\" data-widget_type=\"heading.default\">\n\t\t\t\t<div class=\"elementor-widget-container\">\n\t\t\t\t\t<div class=\"elementor-heading-title elementor-size-default\">5<\/div>\t\t\t\t<\/div>\n\t\t\t\t<\/div>\n\t\t\t\t<div class=\"elementor-element elementor-element-2908d10 elementor-widget elementor-widget-heading\" data-id=\"2908d10\" data-element_type=\"widget\" data-e-type=\"widget\" data-widget_type=\"heading.default\">\n\t\t\t\t<div class=\"elementor-widget-container\">\n\t\t\t\t\t<span class=\"elementor-heading-title elementor-size-default\">membRES<\/span>\t\t\t\t<\/div>\n\t\t\t\t<\/div>\n\t\t\t\t\t<\/div>\n\t\t<\/div>\n\t\t\t\t\t<\/div>\n\t\t<\/section>\n\t\t\t\t\t<\/div>\n\t\t<\/div>\n\t\t\t\t\t<\/div>\n\t\t<\/section>\n\t\t\t\t<section class=\"elementor-section elementor-top-section elementor-element elementor-element-0754024 elementor-section-boxed elementor-section-height-default elementor-section-height-default\" data-id=\"0754024\" data-element_type=\"section\" data-e-type=\"section\" data-settings=\"{&quot;background_background&quot;:&quot;classic&quot;}\">\n\t\t\t\t\t\t<div class=\"elementor-container elementor-column-gap-default\">\n\t\t\t\t\t<div class=\"elementor-column elementor-col-100 elementor-top-column elementor-element elementor-element-0a0a523\" data-id=\"0a0a523\" data-element_type=\"column\" data-e-type=\"column\">\n\t\t\t<div class=\"elementor-widget-wrap\">\n\t\t\t\t\t\t\t<\/div>\n\t\t<\/div>\n\t\t\t\t\t<\/div>\n\t\t<\/section>\n\t\t\t\t<\/div>\n\t\t","protected":false},"excerpt":{"rendered":"<p>A propos du groupe Les Bullshit Gourous font du bruit dans les Yvelines depuis 2006. Leur musique originale est centr\u00e9e sur le rock et hard-rock des ann\u00e9es 1990-2000 tel que Guns\u2019n\u2019Roses, Foo Fighters ou Pearl Jam et s&rsquo;ouvre sur d&rsquo;autres horizons au gr\u00e9 de reprises : de Michael Jackson \u00e0 Mot\u00f6rhead, en passant par AC\/DC,&hellip;&nbsp;<a href=\"https:\/\/bullshitgourous.com\/index.php\/4bb67-music-band-our-story\/\" rel=\"bookmark\">Lire la suite &raquo;<span class=\"screen-reader-text\">A propos du groupe<\/span><\/a><\/p>\n","protected":false},"author":1,"featured_media":0,"parent":0,"menu_order":0,"comment_status":"closed","ping_status":"closed","template":"page-templates\/template-pagebuilder-full-width.php","meta":{"_monsterinsights_skip_tracking":false,"_monsterinsights_sitenote_active":false,"_monsterinsights_sitenote_note":"","_monsterinsights_sitenote_category":0,"neve_meta_sidebar":"","neve_meta_container":"","neve_meta_enable_content_width":"","neve_meta_content_width":70,"neve_meta_title_alignment":"","neve_meta_author_avatar":"","neve_post_elements_order":"","neve_meta_disable_header":"","neve_meta_disable_footer":"","neve_meta_disable_title":"","footnotes":""},"class_list":["post-10","page","type-page","status-publish","hentry"],"_links":{"self":[{"href":"https:\/\/bullshitgourous.com\/index.php\/wp-json\/wp\/v2\/pages\/10","targetHints":{"allow":["GET"]}}],"collection":[{"href":"https:\/\/bullshitgourous.com\/index.php\/wp-json\/wp\/v2\/pages"}],"about":[{"href":"https:\/\/bullshitgourous.com\/index.php\/wp-json\/wp\/v2\/types\/page"}],"author":[{"embeddable":true,"href":"https:\/\/bullshitgourous.com\/index.php\/wp-json\/wp\/v2\/users\/1"}],"replies":[{"embeddable":true,"href":"https:\/\/bullshitgourous.com\/index.php\/wp-json\/wp\/v2\/comments?post=10"}],"version-history":[{"count":5,"href":"https:\/\/bullshitgourous.com\/index.php\/wp-json\/wp\/v2\/pages\/10\/revisions"}],"predecessor-version":[{"id":189,"href":"https:\/\/bullshitgourous.com\/index.php\/wp-json\/wp\/v2\/pages\/10\/revisions\/189"}],"wp:attachment":[{"href":"https:\/\/bullshitgourous.com\/index.php\/wp-json\/wp\/v2\/media?parent=10"}],"curies":[{"name":"wp","href":"https:\/\/api.w.org\/{rel}","templated":true}]}}